{"id":305,"date":"2025-03-26T22:16:25","date_gmt":"2025-03-26T22:16:25","guid":{"rendered":"https:\/\/formec.com.mx\/?page_id=305"},"modified":"2025-04-01T22:57:13","modified_gmt":"2025-04-01T22:57:13","slug":"doblez-de-lamina","status":"publish","type":"page","link":"https:\/\/formec.com.mx\/en\/servicios\/corte-y-doblez-de-lamina-de-acero-delgada\/doblez-de-lamina\/","title":{"rendered":"DOBLEZ DE L\u00c1MINA"},"content":{"rendered":"<div data-elementor-type=\"wp-page\" data-elementor-id=\"305\" class=\"elementor elementor-305\" data-elementor-post-type=\"page\">\n\t\t\t\t<div class=\"elementor-element elementor-element-589ef55 e-con-full e-flex e-con e-parent\" data-id=\"589ef55\" data-element_type=\"container\">\n\t\t<div class=\"elementor-element elementor-element-a60dc1b e-con-full e-flex e-con e-child\" data-id=\"a60dc1b\" data-element_type=\"container\">\n\t\t\t\t<div class=\"elementor-element elementor-element-20731b5 elementor-widget elementor-widget-heading\" data-id=\"20731b5\" data-element_type=\"widget\" data-widget_type=\"heading.default\">\n\t\t\t\t<div class=\"elementor-widget-container\">\n\t\t\t\t\t<p class=\"elementor-heading-title elementor-size-default\">T\u00cdTULO DE P\u00c1GINA:<\/p>\t\t\t\t<\/div>\n\t\t\t\t<\/div>\n\t\t\t\t<div class=\"elementor-element elementor-element-e6b508c elementor-widget elementor-widget-heading\" data-id=\"e6b508c\" data-element_type=\"widget\" data-widget_type=\"heading.default\">\n\t\t\t\t<div class=\"elementor-widget-container\">\n\t\t\t\t\t<h1 class=\"elementor-heading-title elementor-size-default\">DOBLEZ DE L\u00c1MINA<\/h1>\t\t\t\t<\/div>\n\t\t\t\t<\/div>\n\t\t\t\t<\/div>\n\t\t<div class=\"elementor-element elementor-element-9bd8ba6 e-con-full e-flex e-con e-child\" data-id=\"9bd8ba6\" data-element_type=\"container\">\n\t\t\t\t<div class=\"elementor-element elementor-element-edd710a elementor-widget elementor-widget-heading\" data-id=\"edd710a\" data-element_type=\"widget\" data-widget_type=\"heading.default\">\n\t\t\t\t<div class=\"elementor-widget-container\">\n\t\t\t\t\t<h2 class=\"elementor-heading-title elementor-size-default\">KEYWORD PRINCIPAL:<\/h2>\t\t\t\t<\/div>\n\t\t\t\t<\/div>\n\t\t\t\t<div class=\"elementor-element elementor-element-f6ee0b0 elementor-widget elementor-widget-heading\" data-id=\"f6ee0b0\" data-element_type=\"widget\" data-widget_type=\"heading.default\">\n\t\t\t\t<div class=\"elementor-widget-container\">\n\t\t\t\t\t<p class=\"elementor-heading-title elementor-size-default\">\"DOBLEZ DE L\u00c1MINA \" (480)<\/p>\t\t\t\t<\/div>\n\t\t\t\t<\/div>\n\t\t\t\t<\/div>\n\t\t<div class=\"elementor-element elementor-element-5bc9397 e-con-full e-flex e-con e-child\" data-id=\"5bc9397\" data-element_type=\"container\">\n\t\t\t\t<div class=\"elementor-element elementor-element-f8dce95 elementor-widget elementor-widget-heading\" data-id=\"f8dce95\" data-element_type=\"widget\" data-widget_type=\"heading.default\">\n\t\t\t\t<div class=\"elementor-widget-container\">\n\t\t\t\t\t<h2 class=\"elementor-heading-title elementor-size-default\">KEYWORD SECUNDARIA:<\/h2>\t\t\t\t<\/div>\n\t\t\t\t<\/div>\n\t\t\t\t<div class=\"elementor-element elementor-element-519027e elementor-widget elementor-widget-heading\" data-id=\"519027e\" data-element_type=\"widget\" data-widget_type=\"heading.default\">\n\t\t\t\t<div class=\"elementor-widget-container\">\n\t\t\t\t\t<p class=\"elementor-heading-title elementor-size-default\">N\/A<\/p>\t\t\t\t<\/div>\n\t\t\t\t<\/div>\n\t\t\t\t<\/div>\n\t\t\t\t<\/div>\n\t\t\t\t<\/div>","protected":false},"excerpt":{"rendered":"<p>T\u00cdTULO DE P\u00c1GINA: KEYWORD PRINCIPAL: &#8220;DOBLEZ DE L\u00c1MINA &#8221; (480) KEYWORD SECUNDARIA: N\/A<\/p>","protected":false},"author":1,"featured_media":0,"parent":233,"menu_order":0,"comment_status":"closed","ping_status":"closed","template":"elementor_header_footer","meta":{"content-type":"","inline_featured_image":false,"_joinchat":[],"footnotes":""},"class_list":["post-305","page","type-page","status-publish","hentry"],"_links":{"self":[{"href":"https:\/\/formec.com.mx\/en\/wp-json\/wp\/v2\/pages\/305","targetHints":{"allow":["GET"]}}],"collection":[{"href":"https:\/\/formec.com.mx\/en\/wp-json\/wp\/v2\/pages"}],"about":[{"href":"https:\/\/formec.com.mx\/en\/wp-json\/wp\/v2\/types\/page"}],"author":[{"embeddable":true,"href":"https:\/\/formec.com.mx\/en\/wp-json\/wp\/v2\/users\/1"}],"replies":[{"embeddable":true,"href":"https:\/\/formec.com.mx\/en\/wp-json\/wp\/v2\/comments?post=305"}],"version-history":[{"count":4,"href":"https:\/\/formec.com.mx\/en\/wp-json\/wp\/v2\/pages\/305\/revisions"}],"predecessor-version":[{"id":310,"href":"https:\/\/formec.com.mx\/en\/wp-json\/wp\/v2\/pages\/305\/revisions\/310"}],"up":[{"embeddable":true,"href":"https:\/\/formec.com.mx\/en\/wp-json\/wp\/v2\/pages\/233"}],"wp:attachment":[{"href":"https:\/\/formec.com.mx\/en\/wp-json\/wp\/v2\/media?parent=305"}],"curies":[{"name":"wp","href":"https:\/\/api.w.org\/{rel}","templated":true}]}}